{"id":3,"date":"2023-02-06T15:13:51","date_gmt":"2023-02-06T15:13:51","guid":{"rendered":"http:\/\/bendocraft.com\/?page_id=3"},"modified":"2025-07-11T00:29:20","modified_gmt":"2025-07-11T00:29:20","slug":"politique-de-confidentialite","status":"publish","type":"page","link":"https:\/\/shop.lz-creations.com\/en\/politique-de-confidentialite\/","title":{"rendered":"Privacy Policy"},"content":{"rendered":"<div data-elementor-type=\"wp-page\" data-elementor-id=\"3\" class=\"elementor elementor-3\" data-elementor-settings=\"{&quot;ha_cmc_init_switcher&quot;:&quot;no&quot;}\">\n\t\t\t\t\t\t<section class=\"elementor-section elementor-top-section elementor-element elementor-element-27e09477 elementor-section-boxed elementor-section-height-default elementor-section-height-default wpr-particle-no wpr-jarallax-no wpr-parallax-no wpr-sticky-section-no\" data-id=\"27e09477\" data-element_type=\"section\" data-settings=\"{&quot;_ha_eqh_enable&quot;:false}\">\n\t\t\t\t\t\t<div class=\"elementor-container elementor-column-gap-default\">\n\t\t\t\t\t<div class=\"elementor-column elementor-col-100 elementor-top-column elementor-element elementor-element-2fe9b280\" data-id=\"2fe9b280\" data-element_type=\"column\">\n\t\t\t<div class=\"elementor-widget-wrap elementor-element-populated\">\n\t\t\t\t\t\t<div class=\"elementor-element elementor-element-5d44f7ff elementor-widget elementor-widget-text-editor\" data-id=\"5d44f7ff\" data-element_type=\"widget\" data-widget_type=\"text-editor.default\">\n\t\t\t\t<div class=\"elementor-widget-container\">\n\t\t\t\t\t\t\t\t\t<p data-start=\"281\" data-end=\"323\"><strong data-start=\"281\" data-end=\"323\">Last update: July 11, 2025<\/strong><\/p>\n<hr data-start=\"325\" data-end=\"328\" \/>\n<h2 data-start=\"330\" data-end=\"358\">1. General information<\/h2>\n<p data-start=\"360\" data-end=\"551\"><strong data-start=\"360\" data-end=\"376\">LZ Creations<\/strong> is a registered trademark of <strong data-start=\"414\" data-end=\"431\">BendoTech LTD<\/strong>whose registered office is at 71-75 Shelton Street, London, United Kingdom, registered under number <strong data-start=\"538\" data-end=\"550\">14811509<\/strong>.<\/p>\n<p data-start=\"553\" data-end=\"675\">The site can be accessed at : <a class=\"\" href=\"https:\/\/shop.lz-creations.com\/en\/\" target=\"_new\" rel=\"noopener\" data-start=\"590\" data-end=\"644\">shop.lz-creations.com<\/a>hereinafter referred to as <strong data-start=\"663\" data-end=\"674\">the Site<\/strong>.<\/p>\n<p data-start=\"677\" data-end=\"850\">BendoTech LTD attaches great importance to the protection of your personal data and is committed to respecting the confidentiality of the information you provide to us.<\/p>\n<hr data-start=\"852\" data-end=\"855\" \/>\n<h2 data-start=\"857\" data-end=\"888\">2. Gathering information<\/h2>\n<p data-start=\"890\" data-end=\"1011\">When you make a purchase on our site, we collect the data necessary to process your order:<\/p>\n<ul data-start=\"1013\" data-end=\"1179\">\n<li data-start=\"1013\" data-end=\"1030\">\n<p data-start=\"1015\" data-end=\"1030\">First and last name<\/p>\n<\/li>\n<li data-start=\"1031\" data-end=\"1050\">\n<p data-start=\"1033\" data-end=\"1050\">Postal address<\/p>\n<\/li>\n<li data-start=\"1051\" data-end=\"1069\">\n<p data-start=\"1053\" data-end=\"1069\">E-mail address<\/p>\n<\/li>\n<li data-start=\"1070\" data-end=\"1110\">\n<p data-start=\"1072\" data-end=\"1110\">Telephone number (if applicable)<\/p>\n<\/li>\n<li data-start=\"1111\" data-end=\"1179\">\n<p data-start=\"1113\" data-end=\"1179\">Payment information (processed via secure service providers)<\/p>\n<\/li>\n<\/ul>\n<p data-start=\"1181\" data-end=\"1308\">We also collect technical information: IP address, browser type, operating system, pages visited.<\/p>\n<p data-start=\"1310\" data-end=\"1441\">This data is stored securely via <strong data-start=\"1361\" data-end=\"1374\">Shoplazza<\/strong> and are only used to enhance your customer experience.<\/p>\n<hr data-start=\"1443\" data-end=\"1446\" \/>\n<h2 data-start=\"1448\" data-end=\"1480\">3. Use of your data<\/h2>\n<p data-start=\"1482\" data-end=\"1515\">Your data will be used for :<\/p>\n<ul data-start=\"1517\" data-end=\"1731\">\n<li data-start=\"1517\" data-end=\"1552\">\n<p data-start=\"1519\" data-end=\"1552\">Processing and delivering your orders<\/p>\n<\/li>\n<li data-start=\"1553\" data-end=\"1599\">\n<p data-start=\"1555\" data-end=\"1599\">Send you order notifications<\/p>\n<\/li>\n<li data-start=\"1600\" data-end=\"1650\">\n<p data-start=\"1602\" data-end=\"1650\">Answer your questions via customer service<\/p>\n<\/li>\n<li data-start=\"1651\" data-end=\"1731\">\n<p data-start=\"1653\" data-end=\"1731\">Send you marketing offers and communications (if you have consented)<\/p>\n<\/li>\n<\/ul>\n<hr data-start=\"1733\" data-end=\"1736\" \/>\n<h2 data-start=\"1738\" data-end=\"1756\">4. Consent<\/h2>\n<p data-start=\"1758\" data-end=\"1913\">When you provide your personal information to place an order, you consent to us using it for this specific purpose.<\/p>\n<p data-start=\"1915\" data-end=\"2043\">You may withdraw your consent at any time, without justification, by writing to us at :<br data-start=\"2009\" data-end=\"2012\" \/>\ud83d\udce7 <strong data-start=\"2015\" data-end=\"2043\"><a class=\"cursor-pointer\" rel=\"noopener\" data-start=\"2017\" data-end=\"2041\">contact@lz-creations.com<\/a><\/strong><\/p>\n<hr data-start=\"2045\" data-end=\"2048\" \/>\n<h2 data-start=\"2050\" data-end=\"2078\">5. Sharing with third parties<\/h2>\n<p data-start=\"2080\" data-end=\"2335\">We never sell, rent or share your personal data with unauthorized third parties.<br data-start=\"2182\" data-end=\"2185\" \/>We only share your data with our trusted partners (payment, logistics) within the strict framework of fulfilling your order.<\/p>\n<hr data-start=\"2337\" data-end=\"2340\" \/>\n<h2 data-start=\"2342\" data-end=\"2365\">6. Secure payment<\/h2>\n<p data-start=\"2367\" data-end=\"2576\">Payments made on the site are processed by PCI-DSS-compliant service providers (Stripe, PayPal, etc.).<br data-start=\"2489\" data-end=\"2492\" \/>Your bank details are encrypted and <strong data-start=\"2531\" data-end=\"2558\">are never stored<\/strong> on our servers.<\/p>\n<hr data-start=\"2578\" data-end=\"2581\" \/>\n<h2 data-start=\"2583\" data-end=\"2596\">7. Cookies<\/h2>\n<p data-start=\"2598\" data-end=\"2877\">Our site uses <strong data-start=\"2621\" data-end=\"2632\">cookies<\/strong> to improve your browsing experience, facilitate orders and analyze traffic.<br data-start=\"2726\" data-end=\"2729\" \/>You can disable cookies in your browser settings. However, certain site functions may be limited.<\/p>\n<hr data-start=\"2879\" data-end=\"2882\" \/>\n<h2 data-start=\"2884\" data-end=\"2907\">8. Your rights (RGPD)<\/h2>\n<p data-start=\"2909\" data-end=\"3020\">In accordance with <strong data-start=\"2925\" data-end=\"2983\">General Data Protection Regulation (GDPR)<\/strong>you have the following rights:<\/p>\n<ul data-start=\"3022\" data-end=\"3204\">\n<li data-start=\"3022\" data-end=\"3053\">\n<p data-start=\"3024\" data-end=\"3053\">Right of access to your data<\/p>\n<\/li>\n<li data-start=\"3054\" data-end=\"3080\">\n<p data-start=\"3056\" data-end=\"3080\">Right of rectification<\/p>\n<\/li>\n<li data-start=\"3081\" data-end=\"3127\">\n<p data-start=\"3083\" data-end=\"3127\">Right to erasure (\"right to be forgotten\")<\/p>\n<\/li>\n<li data-start=\"3128\" data-end=\"3169\">\n<p data-start=\"3130\" data-end=\"3169\">Right to data portability<\/p>\n<\/li>\n<li data-start=\"3170\" data-end=\"3204\">\n<p data-start=\"3172\" data-end=\"3204\">Right to object to processing<\/p>\n<\/li>\n<\/ul>\n<p data-start=\"3206\" data-end=\"3283\">To exercise these rights, please contact us at<br data-start=\"3249\" data-end=\"3252\" \/>\ud83d\udce7 <strong data-start=\"3255\" data-end=\"3283\"><a class=\"cursor-pointer\" rel=\"noopener\" data-start=\"3257\" data-end=\"3281\">contact@lz-creations.com<\/a><\/strong><\/p>\n<hr data-start=\"3285\" data-end=\"3288\" \/>\n<h2 data-start=\"3290\" data-end=\"3304\">9. Security<\/h2>\n<p data-start=\"3306\" data-end=\"3494\">We apply enhanced security measures (SSL, secure hosting, encryption) to protect your personal data against any form of loss, theft or unauthorized access.<\/p>\n<hr data-start=\"3496\" data-end=\"3499\" \/>\n<h2 data-start=\"3501\" data-end=\"3522\">10. Third-party services<\/h2>\n<p data-start=\"3524\" data-end=\"3795\">Third-party services such as <strong data-start=\"3549\" data-end=\"3562\">Shoplazza<\/strong>, <strong data-start=\"3564\" data-end=\"3574\">Stripe<\/strong>, <strong data-start=\"3576\" data-end=\"3586\">PayPal<\/strong>We may process your data for delivery or payment purposes.<br data-start=\"3682\" data-end=\"3685\" \/>These service providers have their own privacy policies, which we invite you to consult.<\/p>\n<hr data-start=\"3797\" data-end=\"3800\" \/>\n<h2 data-start=\"3802\" data-end=\"3838\">11. Policy changes<\/h2>\n<p data-start=\"3840\" data-end=\"4078\">We reserve the right to change this policy at any time. Any significant updates will be clearly indicated on this page.<br data-start=\"3981\" data-end=\"3984\" \/>By continuing to use our site, you agree to the terms of the updated policy.<\/p>\n<hr data-start=\"4080\" data-end=\"4083\" \/>\n<h2 data-start=\"4085\" data-end=\"4112\">12. Business transfer<\/h2>\n<p data-start=\"4114\" data-end=\"4287\">In the event of a merger, acquisition or change of ownership, your data may be transferred to the new entity, while maintaining the same level of protection.<\/p>\n<hr data-start=\"4289\" data-end=\"4292\" \/>\n<h2 data-start=\"4294\" data-end=\"4308\">13. Contact<\/h2>\n<p data-start=\"4310\" data-end=\"4452\">If you have any questions, wish to modify or delete your personal data, please contact us at :<br data-start=\"4418\" data-end=\"4421\" \/>\ud83d\udce7 <strong data-start=\"4424\" data-end=\"4452\"><a class=\"cursor-pointer\" rel=\"noopener\" data-start=\"4426\" data-end=\"4450\">contact@lz-creations.com<\/a><\/strong><\/p>\n<p><!-- \/wp:paragraph --><!-- wp:heading --><\/p>\n<p><!-- \/wp:paragraph --><\/p>\t\t\t\t\t\t\t\t<\/div>\n\t\t\t\t<\/div>\n\t\t\t\t\t<\/div>\n\t\t<\/div>\n\t\t\t\t\t<\/div>\n\t\t<\/section>\n\t\t\t\t<\/div>","protected":false},"excerpt":{"rendered":"<p>Derni\u00e8re mise \u00e0 jour : 11 juillet 2025 1. Informations g\u00e9n\u00e9rales LZ Creations est une marque d\u00e9pos\u00e9e de la soci\u00e9t\u00e9 BendoTech LTD, dont le si\u00e8ge social est situ\u00e9 au 71-75 Shelton Street, Londres, Royaume-Uni, enregistr\u00e9e sous le num\u00e9ro 14811509. Le site est accessible \u00e0 l\u2019adresse : shop.lz-creations.com, ci-apr\u00e8s d\u00e9nomm\u00e9 le Site. BendoTech LTD attache une grande importance \u00e0 la protection de vos donn\u00e9es personnelles et s&rsquo;engage \u00e0 respecter la confidentialit\u00e9 des informations que vous nous fournissez. 2. Collecte des informations Lorsque vous effectuez un achat sur notre site, nous collectons les donn\u00e9es n\u00e9cessaires au traitement de votre commande : Nom\u2026<\/p>","protected":false},"author":1,"featured_media":0,"parent":0,"menu_order":0,"comment_status":"closed","ping_status":"closed","template":"","meta":{"_monsterinsights_skip_tracking":false,"_monsterinsights_sitenote_active":false,"_monsterinsights_sitenote_note":"","_monsterinsights_sitenote_category":0,"_uf_show_specific_survey":0,"_uf_disable_surveys":false,"footnotes":""},"class_list":["post-3","page","type-page","status-publish","hentry"],"blocksy_meta":{"styles_descriptor":{"styles":{"desktop":"","tablet":"","mobile":""},"google_fonts":[],"version":5}},"aioseo_notices":[],"jetpack_sharing_enabled":true,"_links":{"self":[{"href":"https:\/\/shop.lz-creations.com\/en\/wp-json\/wp\/v2\/pages\/3","targetHints":{"allow":["GET"]}}],"collection":[{"href":"https:\/\/shop.lz-creations.com\/en\/wp-json\/wp\/v2\/pages"}],"about":[{"href":"https:\/\/shop.lz-creations.com\/en\/wp-json\/wp\/v2\/types\/page"}],"author":[{"embeddable":true,"href":"https:\/\/shop.lz-creations.com\/en\/wp-json\/wp\/v2\/users\/1"}],"replies":[{"embeddable":true,"href":"https:\/\/shop.lz-creations.com\/en\/wp-json\/wp\/v2\/comments?post=3"}],"version-history":[{"count":0,"href":"https:\/\/shop.lz-creations.com\/en\/wp-json\/wp\/v2\/pages\/3\/revisions"}],"wp:attachment":[{"href":"https:\/\/shop.lz-creations.com\/en\/wp-json\/wp\/v2\/media?parent=3"}],"curies":[{"name":"wp","href":"https:\/\/api.w.org\/{rel}","templated":true}]}}