{"id":565,"date":"2025-07-11T00:38:59","date_gmt":"2025-07-11T00:38:59","guid":{"rendered":"https:\/\/shop.lz-creations.com\/?page_id=565"},"modified":"2025-07-11T00:43:30","modified_gmt":"2025-07-11T00:43:30","slug":"expedition-livraison","status":"publish","type":"page","link":"https:\/\/shop.lz-creations.com\/en\/expedition-livraison\/","title":{"rendered":"Shipping &amp; Delivery"},"content":{"rendered":"<div data-elementor-type=\"wp-page\" data-elementor-id=\"565\" class=\"elementor elementor-565\" data-elementor-settings=\"{&quot;ha_cmc_init_switcher&quot;:&quot;no&quot;}\">\n\t\t\t\t\t\t<section class=\"elementor-section elementor-top-section elementor-element elementor-element-1593a245 elementor-section-boxed elementor-section-height-default elementor-section-height-default wpr-particle-no wpr-jarallax-no wpr-parallax-no wpr-sticky-section-no\" data-id=\"1593a245\" data-element_type=\"section\" data-settings=\"{&quot;_ha_eqh_enable&quot;:false}\">\n\t\t\t\t\t\t<div class=\"elementor-container elementor-column-gap-default\">\n\t\t\t\t\t<div class=\"elementor-column elementor-col-100 elementor-top-column elementor-element elementor-element-5bdcc179\" data-id=\"5bdcc179\" data-element_type=\"column\">\n\t\t\t<div class=\"elementor-widget-wrap elementor-element-populated\">\n\t\t\t\t\t\t<div class=\"elementor-element elementor-element-3dc65335 elementor-widget elementor-widget-text-editor\" data-id=\"3dc65335\" data-element_type=\"widget\" data-widget_type=\"text-editor.default\">\n\t\t\t\t<div class=\"elementor-widget-container\">\n\t\t\t\t\t\t\t\t\t<p data-start=\"181\" data-end=\"223\"><strong data-start=\"181\" data-end=\"223\">Last update: July 11, 2025<\/strong><\/p><p data-start=\"225\" data-end=\"440\">At <strong data-start=\"230\" data-end=\"246\">LZ Creations<\/strong>We know how anxious you are to receive your personalized jewel. That's why we do everything we can to deliver it quickly and safely anywhere in Europe.<\/p><hr data-start=\"442\" data-end=\"445\" \/><h2 data-start=\"447\" data-end=\"471\">\ud83d\udccd Delivery zones<\/h2><p data-start=\"473\" data-end=\"644\">We deliver throughout Europe, including :<br data-start=\"518\" data-end=\"521\" \/>\ud83c\uddeb\ud83c\uddf7 France - \ud83c\udde7\ud83c\uddea Belgium - \ud83c\udde8\ud83c\udded Switzerland - \ud83c\uddf1\ud83c\uddfa Luxembourg - \ud83c\udde9\ud83c\uddea Germany - \ud83c\uddee\ud83c\uddf9 Italy - \ud83c\uddea\ud83c\uddf8 Spain and many more.<\/p><hr data-start=\"646\" data-end=\"649\" \/><h2 data-start=\"651\" data-end=\"676\">\u23f1 Processing times<\/h2><p data-start=\"678\" data-end=\"731\">Each order is <strong data-start=\"698\" data-end=\"728\">customized on demand<\/strong>.<\/p><ul data-start=\"732\" data-end=\"840\"><li data-start=\"732\" data-end=\"783\"><p data-start=\"734\" data-end=\"783\">\u2728 <strong data-start=\"736\" data-end=\"760\">Production time<\/strong> 3 to 5 working days<\/p><\/li><li data-start=\"784\" data-end=\"840\"><p data-start=\"786\" data-end=\"840\">\ud83d\udce6 <strong data-start=\"789\" data-end=\"825\">Preparation &amp; packing time<\/strong> 1 working day<\/p><\/li><\/ul><blockquote data-start=\"842\" data-end=\"940\"><p data-start=\"844\" data-end=\"940\">\u2705 Total : your jewel is usually shipped within 5<strong data-start=\"896\" data-end=\"918\"> to 6 working days<\/strong> after your order.<\/p><\/blockquote><hr data-start=\"942\" data-end=\"945\" \/><h2 data-start=\"947\" data-end=\"972\">\ud83d\ude80 Delivery times<\/h2><ul data-start=\"974\" data-end=\"1196\"><li data-start=\"974\" data-end=\"1052\"><p data-start=\"976\" data-end=\"1052\"><strong data-start=\"976\" data-end=\"1011\">Standard delivery (with tracking)<\/strong> 2 to 5 working days depending on your country.<\/p><\/li><li data-start=\"1053\" data-end=\"1142\"><p data-start=\"1055\" data-end=\"1142\">Free or paid delivery according to current offer (indicated at time of payment).<\/p><\/li><li data-start=\"1143\" data-end=\"1196\"><p data-start=\"1145\" data-end=\"1196\">A <strong data-start=\"1148\" data-end=\"1167\">tracking number<\/strong> is sent upon shipment.<\/p><\/li><\/ul><hr data-start=\"1198\" data-end=\"1201\" \/><h2 data-start=\"1203\" data-end=\"1232\">\ud83d\udca1 Order tracking<\/h2><p data-start=\"1234\" data-end=\"1349\">As soon as your parcel has been dispatched, you will receive an email with a delivery note. <strong data-start=\"1293\" data-end=\"1310\">tracking link<\/strong> to track your parcel in real time.<\/p><hr data-start=\"1351\" data-end=\"1354\" \/><h2 data-start=\"1356\" data-end=\"1391\">\ud83d\udcec In case of absence or delay<\/h2><ul data-start=\"1393\" data-end=\"1617\"><li data-start=\"1393\" data-end=\"1482\"><p data-start=\"1395\" data-end=\"1482\">In the event of absence, a delivery notice or a delivery to a relay point can be sent.<\/p><\/li><li data-start=\"1483\" data-end=\"1617\"><p data-start=\"1485\" data-end=\"1617\">If you have not received your order after <strong data-start=\"1530\" data-end=\"1549\">10 working days<\/strong>contact our customer service department:<br data-start=\"1583\" data-end=\"1586\" \/>\ud83d\udce7 <strong data-start=\"1589\" data-end=\"1617\"><a class=\"cursor-pointer\" rel=\"noopener\" data-start=\"1591\" data-end=\"1615\">contact@lz-creations.com<\/a><\/strong><\/p><\/li><\/ul><hr data-start=\"1619\" data-end=\"1622\" \/><h2 data-start=\"1624\" data-end=\"1647\">\u274c Incorrect address<\/h2><p data-start=\"1649\" data-end=\"1824\">Please ensure that the address you provide when ordering is correct.<br data-start=\"1726\" data-end=\"1729\" \/>LZ Creations cannot be held responsible for undelivered packages in the event of an address error.<\/p><hr data-start=\"1826\" data-end=\"1829\" \/><h2 data-start=\"1831\" data-end=\"1854\">\ud83d\udc8e Free delivery<\/h2><p data-start=\"1856\" data-end=\"2022\">Depending on the period, <strong data-start=\"1876\" data-end=\"1910\">free delivery available<\/strong> from a certain purchase amount. See conditions on our website or at checkout.<\/p><hr data-start=\"2024\" data-end=\"2027\" \/><h2 data-start=\"2029\" data-end=\"2047\">\u2753A question?<\/h2><p data-start=\"2049\" data-end=\"2147\">Our team is at your service:<br data-start=\"2082\" data-end=\"2085\" \/>\ud83d\udce7 <strong data-start=\"2088\" data-end=\"2116\"><a class=\"cursor-pointer\" rel=\"noopener\" data-start=\"2090\" data-end=\"2114\">contact@lz-creations.com<\/a><\/strong><br data-start=\"2116\" data-end=\"2119\" \/>\ud83c\udf10 <strong data-start=\"2122\" data-end=\"2147\">shop.lz-creations.com<\/strong><\/p><p data-start=\"2126\" data-end=\"2250\">\u00a0<\/p><p><!-- \/wp:paragraph --><\/p>\t\t\t\t\t\t\t\t<\/div>\n\t\t\t\t<\/div>\n\t\t\t\t\t<\/div>\n\t\t<\/div>\n\t\t\t\t\t<\/div>\n\t\t<\/section>\n\t\t\t\t<\/div>","protected":false},"excerpt":{"rendered":"<p>Derni\u00e8re mise \u00e0 jour : 11 juillet 2025 Chez LZ Creations, nous savons \u00e0 quel point vous avez h\u00e2te de recevoir votre bijou personnalis\u00e9. C\u2019est pourquoi nous faisons tout notre possible pour vous livrer rapidement, en toute s\u00e9curit\u00e9, partout en Europe. \ud83d\udccd Zones de livraison Nous livrons dans toute l\u2019Europe, notamment :\ud83c\uddeb\ud83c\uddf7 France \u2013 \ud83c\udde7\ud83c\uddea Belgique \u2013 \ud83c\udde8\ud83c\udded Suisse \u2013 \ud83c\uddf1\ud83c\uddfa Luxembourg \u2013 \ud83c\udde9\ud83c\uddea Allemagne \u2013 \ud83c\uddee\ud83c\uddf9 Italie \u2013 \ud83c\uddea\ud83c\uddf8 Espagne et bien d\u2019autres. \u23f1 D\u00e9lais de traitement Chaque commande est personnalis\u00e9e \u00e0 la demande. \u2728 Temps de fabrication : 3 \u00e0 5 jours ouvr\u00e9s \ud83d\udce6 Temps de pr\u00e9paration &amp;\u2026<\/p>","protected":false},"author":1,"featured_media":0,"parent":0,"menu_order":0,"comment_status":"closed","ping_status":"closed","template":"","meta":{"_monsterinsights_skip_tracking":false,"_monsterinsights_sitenote_active":false,"_monsterinsights_sitenote_note":"","_monsterinsights_sitenote_category":0,"_uf_show_specific_survey":0,"_uf_disable_surveys":false,"footnotes":""},"class_list":["post-565","page","type-page","status-publish","hentry"],"blocksy_meta":{"styles_descriptor":{"styles":{"desktop":"","tablet":"","mobile":""},"google_fonts":[],"version":5}},"aioseo_notices":[],"jetpack_sharing_enabled":true,"_links":{"self":[{"href":"https:\/\/shop.lz-creations.com\/en\/wp-json\/wp\/v2\/pages\/565","targetHints":{"allow":["GET"]}}],"collection":[{"href":"https:\/\/shop.lz-creations.com\/en\/wp-json\/wp\/v2\/pages"}],"about":[{"href":"https:\/\/shop.lz-creations.com\/en\/wp-json\/wp\/v2\/types\/page"}],"author":[{"embeddable":true,"href":"https:\/\/shop.lz-creations.com\/en\/wp-json\/wp\/v2\/users\/1"}],"replies":[{"embeddable":true,"href":"https:\/\/shop.lz-creations.com\/en\/wp-json\/wp\/v2\/comments?post=565"}],"version-history":[{"count":0,"href":"https:\/\/shop.lz-creations.com\/en\/wp-json\/wp\/v2\/pages\/565\/revisions"}],"wp:attachment":[{"href":"https:\/\/shop.lz-creations.com\/en\/wp-json\/wp\/v2\/media?parent=565"}],"curies":[{"name":"wp","href":"https:\/\/api.w.org\/{rel}","templated":true}]}}